{"id":30620,"date":"2025-04-30T14:25:40","date_gmt":"2025-04-30T07:25:40","guid":{"rendered":"https:\/\/rootytrip.com\/san-pham\/ve-cap-treo-hon-thom\/"},"modified":"2025-12-27T16:59:47","modified_gmt":"2025-12-27T09:59:47","slug":"phu-quoc-cable-car-ticket-price","status":"publish","type":"product","link":"https:\/\/rootytrip.com\/en\/product\/phu-quoc-cable-car-ticket-price\/","title":{"rendered":"Hon Thom Phu Quoc Cable Car Ticket Price"},"content":{"rendered":"<p><strong>Why is <a href=\"https:\/\/rootytrip.com\/en\/hon-thom-island-phu-quoc\/#what_is_island_in_phu_quoc_has\" target=\"_blank\" rel=\"noopener\">Hon Thom Island<\/a> called the Paradise Island of Phu Quoc?<\/strong><\/p>\n<ul>\n<li>It boasts the world&#8217;s longest 3-wire cable car spanning 7,899 meters, offering panoramic views of South Phu Quoc.<\/li>\n<li>Explore Aquatopia Water Park, ranked among the top water parks in Asia, and Exotica Village Theme Park.<\/li>\n<li>Visit Anh Duong Station at Sunset Town for unforgettable experiences, including the Kiss Bridge, VUIFest Bazaar Night Market, and mesmerizing fireworks shows, ect.<\/li>\n<\/ul>\n<p data-pm-slice=\"1 3 []\"><strong>PROMOTION:<\/strong><\/p>\n<ul data-spread=\"false\">\n<li>Each guest will receive <strong>01 DRINK COUPON<\/strong> upon ticket validation, which can be redeemed for <strong>one of the following beverages<\/strong>:\n<ul data-spread=\"false\">\n<li><strong>1 liter of beer<\/strong><\/li>\n<li><strong>1 glass of fruit juice<\/strong><\/li>\n<li><strong>1 glass of fruit tea<\/strong><\/li>\n<\/ul>\n<\/li>\n<li><strong>Note<\/strong>: Not applicable for children under 1 meter tall.<\/li>\n<li><strong>Validity period<\/strong>: From April 1 to December 31, 2025.<\/li>\n<\/ul>\n<p><strong>Drink Coupon Redemption Locations:<\/strong><\/p>\n<ul data-spread=\"false\">\n<li>Koi Cafe<\/li>\n<li>Ch\u1ee3 Qu\u00ea<\/li>\n<li>Mango<\/li>\n<li>Sun Buns<\/li>\n<li>Slice of Paradise<\/li>\n<li>V\u1ecbnh Thi\u00ean \u0110\u01b0\u1eddng<\/li>\n<li>Kiosk Locker<\/li>\n<\/ul>\n","protected":false},"excerpt":{"rendered":"<p>C\u00e1p treo H\u00f2n Th\u01a1m gi\u00e1 v\u00e9<span style=\"font-weight: 400;\"> m\u1edbi nh\u1ea5t bao nhi\u00eau? Mua v\u00e9 c\u00e1p treo th\u1ebf n\u00e0o, c\u00f3 nh\u1eefng \u01b0u \u0111\u00e3i n\u00e0o \u0111i k\u00e8m? H\u00e3y t\u00ecm hi\u1ec3u c\u00f9ng Rooty Trip.<\/span><\/p>\n","protected":false},"featured_media":63814,"comment_status":"open","ping_status":"closed","template":"","meta":{"inline_featured_image":false},"product_brand":[],"product_cat":[891],"product_tag":[894,892],"category-mona-rating":[],"category-mona-area":[1017],"category-mona-types-of-tourism":[],"category-mona-types-of-ticket":[],"category-mona-types-of-house":[],"category-mona-types-of-tour":[1030],"class_list":{"0":"post-30620","1":"product","2":"type-product","3":"status-publish","4":"has-post-thumbnail","6":"product_cat-ve-tham-quan-en","7":"product_tag-deal-hot-trong-ngay-en","8":"product_tag-ban-chay-en","9":"category-mona-area-south-island","10":"category-mona-types-of-tour-teambuilding-tour","12":"first","13":"instock","14":"shipping-taxable","15":"purchasable","16":"product-type-simple"},"acf":[],"_links":{"self":[{"href":"https:\/\/rootytrip.com\/en\/wp-json\/wp\/v2\/product\/30620","targetHints":{"allow":["GET"]}}],"collection":[{"href":"https:\/\/rootytrip.com\/en\/wp-json\/wp\/v2\/product"}],"about":[{"href":"https:\/\/rootytrip.com\/en\/wp-json\/wp\/v2\/types\/product"}],"replies":[{"embeddable":true,"href":"https:\/\/rootytrip.com\/en\/wp-json\/wp\/v2\/comments?post=30620"}],"wp:featuredmedia":[{"embeddable":true,"href":"https:\/\/rootytrip.com\/en\/wp-json\/wp\/v2\/media\/63814"}],"wp:attachment":[{"href":"https:\/\/rootytrip.com\/en\/wp-json\/wp\/v2\/media?parent=30620"}],"wp:term":[{"taxonomy":"product_brand","embeddable":true,"href":"https:\/\/rootytrip.com\/en\/wp-json\/wp\/v2\/product_brand?post=30620"},{"taxonomy":"product_cat","embeddable":true,"href":"https:\/\/rootytrip.com\/en\/wp-json\/wp\/v2\/product_cat?post=30620"},{"taxonomy":"product_tag","embeddable":true,"href":"https:\/\/rootytrip.com\/en\/wp-json\/wp\/v2\/product_tag?post=30620"},{"taxonomy":"category-mona-rating","embeddable":true,"href":"https:\/\/rootytrip.com\/en\/wp-json\/wp\/v2\/category-mona-rating?post=30620"},{"taxonomy":"category-mona-area","embeddable":true,"href":"https:\/\/rootytrip.com\/en\/wp-json\/wp\/v2\/category-mona-area?post=30620"},{"taxonomy":"category-mona-types-of-tourism","embeddable":true,"href":"https:\/\/rootytrip.com\/en\/wp-json\/wp\/v2\/category-mona-types-of-tourism?post=30620"},{"taxonomy":"category-mona-types-of-ticket","embeddable":true,"href":"https:\/\/rootytrip.com\/en\/wp-json\/wp\/v2\/category-mona-types-of-ticket?post=30620"},{"taxonomy":"category-mona-types-of-house","embeddable":true,"href":"https:\/\/rootytrip.com\/en\/wp-json\/wp\/v2\/category-mona-types-of-house?post=30620"},{"taxonomy":"category-mona-types-of-tour","embeddable":true,"href":"https:\/\/rootytrip.com\/en\/wp-json\/wp\/v2\/category-mona-types-of-tour?post=30620"}],"curies":[{"name":"wp","href":"https:\/\/api.w.org\/{rel}","templated":true}]}}