{"id":64150,"date":"2025-10-30T13:19:59","date_gmt":"2025-10-30T06:19:59","guid":{"rendered":"https:\/\/rootytrip.com\/?post_type=product&#038;p=64150"},"modified":"2026-03-18T13:40:26","modified_gmt":"2026-03-18T06:40:26","slug":"symphony-of-the-sea-phu-quoc-tickets","status":"publish","type":"product","link":"https:\/\/rootytrip.com\/en\/product\/symphony-of-the-sea-phu-quoc-tickets\/","title":{"rendered":"Symphony of the Sea Phu Quoc Tickets"},"content":{"rendered":"<p data-start=\"263\" data-end=\"569\"><strong>Symphony of the Sea \u2013 Season 2<\/strong> is a world-class international show held daily at<strong> Sunset Beach, Kiss Bridge, and Sun Bavaria Gastropub in Phu Quoc<\/strong>.<br data-start=\"417\" data-end=\"420\" \/>It\u2019s a breathtaking \u201csymphony of light and water,\u201d blending music, fireworks, lasers, flyboard, and jetski performances into a spectacular display.<\/p>\n<p data-start=\"571\" data-end=\"813\">Featuring six world champion <strong>Flyboard and Jetski performers, alongside LaserVision (Australia) <\/strong>\u2013 a global leader in light and laser shows \u2013 Symphony of the Sea offers an <strong>unparalleled sensory experience <\/strong>for audiences of all ages.<\/p>\n<p data-start=\"815\" data-end=\"877\">The show combines cutting-edge technology and artistry with:<\/p>\n<ul data-start=\"878\" data-end=\"1127\">\n<li data-start=\"878\" data-end=\"920\">\n<p data-start=\"880\" data-end=\"920\">Over<strong> 200 world-class laser effects<\/strong><\/p>\n<\/li>\n<li data-start=\"921\" data-end=\"972\">\n<p data-start=\"923\" data-end=\"972\">More than <strong>1,000 fireworks and water effects<\/strong><\/p>\n<\/li>\n<li data-start=\"973\" data-end=\"1072\">\n<p data-start=\"975\" data-end=\"1072\">Costumes designed by <strong>Bao Rong<\/strong>, the celebrated costume designer for director <strong>Zhang Yimou<\/strong><\/p>\n<\/li>\n<li data-start=\"1073\" data-end=\"1127\">\n<p data-start=\"1075\" data-end=\"1127\">Fireworks choreographed by <strong>DIFF 2025 champions<\/strong><\/p>\n<\/li>\n<\/ul>\n<p data-start=\"1129\" data-end=\"1253\">Every element is crafted to perfection, creating an unforgettable evening of light, sound, and emotion on the ocean stage.<\/p>\n","protected":false},"excerpt":{"rendered":"<p>C\u00e1p treo H\u00f2n Th\u01a1m gi\u00e1 v\u00e9<span style=\"font-weight: 400;\"> m\u1edbi nh\u1ea5t bao nhi\u00eau? Mua v\u00e9 c\u00e1p treo th\u1ebf n\u00e0o, c\u00f3 nh\u1eefng \u01b0u \u0111\u00e3i n\u00e0o \u0111i k\u00e8m? H\u00e3y t\u00ecm hi\u1ec3u c\u00f9ng Rooty Trip.<\/span><\/p>\n","protected":false},"featured_media":64316,"comment_status":"open","ping_status":"closed","template":"","meta":{"inline_featured_image":false},"product_brand":[],"product_cat":[891],"product_tag":[894,892],"category-mona-rating":[],"category-mona-area":[],"category-mona-types-of-tourism":[],"category-mona-types-of-ticket":[],"category-mona-types-of-house":[],"category-mona-types-of-tour":[],"class_list":{"0":"post-64150","1":"product","2":"type-product","3":"status-publish","4":"has-post-thumbnail","6":"product_cat-ve-tham-quan-en","7":"product_tag-deal-hot-trong-ngay-en","8":"product_tag-ban-chay-en","10":"first","11":"instock","12":"sale","13":"shipping-taxable","14":"purchasable","15":"product-type-simple"},"acf":[],"_links":{"self":[{"href":"https:\/\/rootytrip.com\/en\/wp-json\/wp\/v2\/product\/64150","targetHints":{"allow":["GET"]}}],"collection":[{"href":"https:\/\/rootytrip.com\/en\/wp-json\/wp\/v2\/product"}],"about":[{"href":"https:\/\/rootytrip.com\/en\/wp-json\/wp\/v2\/types\/product"}],"replies":[{"embeddable":true,"href":"https:\/\/rootytrip.com\/en\/wp-json\/wp\/v2\/comments?post=64150"}],"wp:featuredmedia":[{"embeddable":true,"href":"https:\/\/rootytrip.com\/en\/wp-json\/wp\/v2\/media\/64316"}],"wp:attachment":[{"href":"https:\/\/rootytrip.com\/en\/wp-json\/wp\/v2\/media?parent=64150"}],"wp:term":[{"taxonomy":"product_brand","embeddable":true,"href":"https:\/\/rootytrip.com\/en\/wp-json\/wp\/v2\/product_brand?post=64150"},{"taxonomy":"product_cat","embeddable":true,"href":"https:\/\/rootytrip.com\/en\/wp-json\/wp\/v2\/product_cat?post=64150"},{"taxonomy":"product_tag","embeddable":true,"href":"https:\/\/rootytrip.com\/en\/wp-json\/wp\/v2\/product_tag?post=64150"},{"taxonomy":"category-mona-rating","embeddable":true,"href":"https:\/\/rootytrip.com\/en\/wp-json\/wp\/v2\/category-mona-rating?post=64150"},{"taxonomy":"category-mona-area","embeddable":true,"href":"https:\/\/rootytrip.com\/en\/wp-json\/wp\/v2\/category-mona-area?post=64150"},{"taxonomy":"category-mona-types-of-tourism","embeddable":true,"href":"https:\/\/rootytrip.com\/en\/wp-json\/wp\/v2\/category-mona-types-of-tourism?post=64150"},{"taxonomy":"category-mona-types-of-ticket","embeddable":true,"href":"https:\/\/rootytrip.com\/en\/wp-json\/wp\/v2\/category-mona-types-of-ticket?post=64150"},{"taxonomy":"category-mona-types-of-house","embeddable":true,"href":"https:\/\/rootytrip.com\/en\/wp-json\/wp\/v2\/category-mona-types-of-house?post=64150"},{"taxonomy":"category-mona-types-of-tour","embeddable":true,"href":"https:\/\/rootytrip.com\/en\/wp-json\/wp\/v2\/category-mona-types-of-tour?post=64150"}],"curies":[{"name":"wp","href":"https:\/\/api.w.org\/{rel}","templated":true}]}}