{"id":58818,"date":"2024-10-18T14:10:20","date_gmt":"2024-10-18T07:10:20","guid":{"rendered":"https:\/\/rootytrip.com\/product\/ve-di-bo-duoi-day-bien-seawalker\/"},"modified":"2025-07-18T14:37:04","modified_gmt":"2025-07-18T07:37:04","slug":"sea-walking-ticket","status":"publish","type":"product","link":"https:\/\/rootytrip.com\/ko\/product\/sea-walking-ticket\/","title":{"rendered":"\ud478\uafb8\uc625 \ubc14\ub2f7\uc18d \uc528\uc6cc\ud0b9 \uccb4\ud5d8 \ud2f0\ucf13"},"content":{"rendered":"<p class=\"\" data-start=\"119\" data-end=\"261\">\uc528\uc6cc\ud0b9(Sea Walking)\uc740 \uc218\uc601\uc744 \ubabb\ud558\ub294 \ubd84\ub4e4\ub3c4 \uc27d\uac8c \ucc38\uc5ec\ud560 \uc218 \uc788\ub294 \uc7ac\ubbf8\uc788\ub294 \ud574\uc591 \uccb4\ud5d8\uc785\ub2c8\ub2e4.<\/p>\n<p class=\"\" data-start=\"119\" data-end=\"261\">\ucc38\uac00\uc790\ub294 \ud2b9\uc218 \ud5ec\uba67\uacfc \uc0b0\uc18c\ud1b5 \ub4f1 \uc548\uc804 \uc7a5\ube44\ub97c \ucc29\uc6a9\ud558\uace0, \uc804\ubb38 \ub2e4\uc774\ubc84(\uac15\uc0ac)\uc758 \uc548\uc804\ud55c \uc548\ub0b4\uc640 \ud568\uaed8 \uc544\ub984\ub2e4\uc6b4 \ubc14\ub2f7\uc18d \uc138\uacc4\ub97c \uc9c1\uc811 \ud0d0\ud5d8\ud558\uac8c \ub429\ub2c8\ub2e4.<\/p>\n<p class=\"\" data-start=\"119\" data-end=\"261\">\ud478\uafb8\uc625 \uc528\uc6cc\ud0b9 \uccb4\ud5d8\uc744 \ud1b5\ud574 \ubc14\ub2e4 \uc18d\uc774 \uc5bc\ub9c8\ub098 \uc0dd\ub3d9\uac10 \uc788\uace0 \ud65c\uae30\ucc2c\uc9c0, \ub2e4\uc591\ud55c \ud574\uc591 \uc0dd\ubb3c\ub4e4\uc774 \uc5bc\ub9c8\ub098 \uc2e0\ube44\ub86d\uace0 \ub9e4\ub825\uc801\uc778\uc9c0 \uc9c1\uc811 \ub208\uc73c\ub85c \ubcf4\uace0 \ub290\uaef4\ubcf4\uc138\uc694.<\/p>\n<div id=\"attachment_34133\" style=\"width: 810px\" class=\"wp-caption aligncenter\"><img fetchpriority=\"high\" decoding=\"async\" aria-describedby=\"caption-attachment-34133\" class=\"wp-image-34133 size-full\" src=\"https:\/\/rootytrip.com\/wp-content\/uploads\/2023\/12\/di-bo-duoi-day-bien-1.png\" alt=\"\u0111i b\u1ed9 d\u01b0\u1edbi \u0111\u00e1y bi\u1ec3n\" width=\"800\" height=\"533\" \/><p id=\"caption-attachment-34133\" class=\"wp-caption-text\">\ud478\uafb8\uc625 \ubc14\ub2f7\uc18d \uc528\uc6cc\ud0b9 \uccb4\ud5d8 \ud2f0\ucf13<\/p><\/div>\n","protected":false},"excerpt":{"rendered":"<p>\u0110i b\u1ed9 d\u01b0\u1edbi \u0111\u00e1y bi\u1ec3n gi\u00e1 bao nhi\u00eau? L\u00e0m sao \u0111\u1ec3 mua v\u00e9 Seawalker v\u1edbi gi\u00e1 t\u1ed1t? T\u00ecm hi\u1ec3u ngay c\u00f9ng Rooty Trip Ph\u00fa Qu\u1ed1c.<\/p>\n","protected":false},"featured_media":63799,"comment_status":"open","ping_status":"closed","template":"","meta":{"inline_featured_image":false},"product_brand":[],"product_cat":[1902],"product_tag":[1985,1986],"category-mona-rating":[],"category-mona-area":[],"category-mona-types-of-tourism":[],"category-mona-types-of-ticket":[],"category-mona-types-of-house":[],"category-mona-types-of-tour":[],"class_list":{"0":"post-58818","1":"product","2":"type-product","3":"status-publish","4":"has-post-thumbnail","6":"product_cat-ve-tham-quan-ko","7":"product_tag-ban-chay-ko","8":"product_tag-deal-hot-trong-ngay-ko","10":"first","11":"instock","12":"sale","13":"shipping-taxable","14":"purchasable","15":"product-type-simple"},"acf":[],"_links":{"self":[{"href":"https:\/\/rootytrip.com\/ko\/wp-json\/wp\/v2\/product\/58818","targetHints":{"allow":["GET"]}}],"collection":[{"href":"https:\/\/rootytrip.com\/ko\/wp-json\/wp\/v2\/product"}],"about":[{"href":"https:\/\/rootytrip.com\/ko\/wp-json\/wp\/v2\/types\/product"}],"replies":[{"embeddable":true,"href":"https:\/\/rootytrip.com\/ko\/wp-json\/wp\/v2\/comments?post=58818"}],"wp:featuredmedia":[{"embeddable":true,"href":"https:\/\/rootytrip.com\/ko\/wp-json\/wp\/v2\/media\/63799"}],"wp:attachment":[{"href":"https:\/\/rootytrip.com\/ko\/wp-json\/wp\/v2\/media?parent=58818"}],"wp:term":[{"taxonomy":"product_brand","embeddable":true,"href":"https:\/\/rootytrip.com\/ko\/wp-json\/wp\/v2\/product_brand?post=58818"},{"taxonomy":"product_cat","embeddable":true,"href":"https:\/\/rootytrip.com\/ko\/wp-json\/wp\/v2\/product_cat?post=58818"},{"taxonomy":"product_tag","embeddable":true,"href":"https:\/\/rootytrip.com\/ko\/wp-json\/wp\/v2\/product_tag?post=58818"},{"taxonomy":"category-mona-rating","embeddable":true,"href":"https:\/\/rootytrip.com\/ko\/wp-json\/wp\/v2\/category-mona-rating?post=58818"},{"taxonomy":"category-mona-area","embeddable":true,"href":"https:\/\/rootytrip.com\/ko\/wp-json\/wp\/v2\/category-mona-area?post=58818"},{"taxonomy":"category-mona-types-of-tourism","embeddable":true,"href":"https:\/\/rootytrip.com\/ko\/wp-json\/wp\/v2\/category-mona-types-of-tourism?post=58818"},{"taxonomy":"category-mona-types-of-ticket","embeddable":true,"href":"https:\/\/rootytrip.com\/ko\/wp-json\/wp\/v2\/category-mona-types-of-ticket?post=58818"},{"taxonomy":"category-mona-types-of-house","embeddable":true,"href":"https:\/\/rootytrip.com\/ko\/wp-json\/wp\/v2\/category-mona-types-of-house?post=58818"},{"taxonomy":"category-mona-types-of-tour","embeddable":true,"href":"https:\/\/rootytrip.com\/ko\/wp-json\/wp\/v2\/category-mona-types-of-tour?post=58818"}],"curies":[{"name":"wp","href":"https:\/\/api.w.org\/{rel}","templated":true}]}}