{"id":58847,"date":"2025-05-16T14:42:06","date_gmt":"2025-05-16T07:42:06","guid":{"rendered":"https:\/\/rootytrip.com\/?post_type=product&#038;p=58847"},"modified":"2026-03-19T14:17:27","modified_gmt":"2026-03-19T07:17:27","slug":"grand-world-phu-quoc-tickets","status":"publish","type":"product","link":"https:\/\/rootytrip.com\/ko\/product\/grand-world-phu-quoc-tickets\/","title":{"rendered":"\ud478\uafb8\uc625 \uadf8\ub79c\ub4dc\uc6d4\ub4dc \uc785\uc7a5\uad8c"},"content":{"rendered":"<p class=\"\" data-start=\"82\" data-end=\"218\">\ud478\uafb8\uc625 \uadf8\ub79c\ub4dc\uc6d4\ub4dc \uc785\uc7a5\uad8c\uc744 \ud569\ub9ac\uc801\uc778 \uac00\uaca9, \ube60\ub978 \uc608\uc57d, \ud22c\uba85\ud55c \uc808\ucc28\ub85c \ucc3e\uace0 \uacc4\uc2e0\uac00\uc694? Rooty Trip\uacfc \ud568\uaed8 2025\ub144 \uac00\uc7a5 HOT\ud55c \uc5ec\ud589\uc9c0\uc778 \uadf8\ub79c\ub4dc\uc6d4\ub4dc \ud478\uafb8\uc625\uc758 \ub9e4\ub825\uc744 \uc9c0\uae08 \ubc14\ub85c \ud655\uc778\ud558\uace0, \uc65c \uc9c0\uae08 \uc785\uc7a5\uad8c\uc744 \uc608\uc57d\ud574\uc57c \ud558\ub294\uc9c0 \uc54c\uc544\ubcf4\uc138\uc694!<\/p>\n<p class=\"\" data-start=\"220\" data-end=\"251\"><strong data-start=\"220\" data-end=\"251\">\uadf8\ub79c\ub4dc\uc6d4\ub4dc \ud478\uafb8\uc625\uc5d0\uc11c\ub294 \ubb34\uc5c7\uc744 \uc990\uae38 \uc218 \uc788\uc744\uae4c\uc694?<\/strong><\/p>\n<ul data-start=\"253\" data-end=\"596\">\n<li class=\"\" data-start=\"253\" data-end=\"325\">\n<p class=\"\" data-start=\"255\" data-end=\"325\"><strong data-start=\"255\" data-end=\"271\">\uc138\uacc4\uc801 \uc218\uc900\uc758 \ub79c\ub4dc\ub9c8\ud06c<\/strong>: \ubc14\ub2e4\uad11\uc7a5, \ub7ec\ube0c\ub808\uc774\ud06c, \ubca0\ub2c8\uc2a4 \uc6b4\ud558, \ubc40\ubd80 \ub808\uc804\ub4dc \ub4f1 SNS \uc778\uc99d\uc0f7 \ud544\uc218 1001\uac1c\uc758 \ud3ec\ud1a0\uc874.<\/p>\n<\/li>\n<li class=\"\" data-start=\"329\" data-end=\"372\">\n<p class=\"\" data-start=\"331\" data-end=\"372\">SNS\ub97c \ub728\uac81\uac8c \ub2ec\uad6c\ub294 <strong data-start=\"344\" data-end=\"368\">\uc0c1\uc9d5\uc801\uc778 \ud3ec\ud1a0 \uc2a4\ud31f\uc5d0\uc11c \ud2b9\ubcc4\ud55c \uccb4\ud06c\uc778<\/strong> \uacbd\ud5d8.<\/p>\n<\/li>\n<li class=\"\" data-start=\"376\" data-end=\"468\">\n<p class=\"\" data-start=\"378\" data-end=\"468\"><strong data-start=\"378\" data-end=\"393\">\uadf8\ub79c\ub4dc\uc6d4\ub4dc\uc758 \ub300\ud45c \uc1fc<\/strong>: \ubca0\ud2b8\ub0a8\uc758 \uc815\uc218\ub97c \ub2f4\uc740 &#8216;\ub775\ud638\uc544 \ubca0\ud2b8\ub0a8&#8217;, \ud654\ub824\ud55c \ud37c\ud3ec\uba3c\uc2a4 &#8216;\uc0c9\ucc44\uc758 \ubca0\ub2c8\uc2a4&#8217;, \uc57c\uac04 \uba40\ud2f0\ubbf8\ub514\uc5b4 &#8216;Once Show&#8217; \ub4f1 \ub300\uaddc\ubaa8 \uacf5\uc5f0.<\/p>\n<\/li>\n<li class=\"\" data-start=\"472\" data-end=\"531\">\n<p class=\"\" data-start=\"474\" data-end=\"531\">\uc1fc\ud551, \ub9db\uc9d1, \uc5d4\ud130\ud14c\uc778\uba3c\ud2b8, \ub808\uc800 \ub4f1 24\uc2dc\uac04 \ub0b4\ub0b4 \ud65c\uae30\ucc2c \uc990\uae38 \uac70\ub9ac \u2013 \uc9c4\uc815\ud55c \u201c\uc7a0\ub4e4\uc9c0 \uc54a\ub294 \ub3c4\uc2dc\u201d.<\/p>\n<\/li>\n<li class=\"\" data-start=\"535\" data-end=\"596\">\n<p class=\"\" data-start=\"537\" data-end=\"596\"><strong data-start=\"537\" data-end=\"559\">\ubc24\uc774 \ub418\uba74 \ub354\uc6b1 \ube5b\ub098\ub294 \uadf8\ub79c\ub4dc\uc6d4\ub4dc<\/strong>: \ud654\ub824\ud55c \uc870\uba85, \uc74c\uc545, \ucd95\uc81c\ub85c \uac00\ub4dd\ud55c \ub610 \ub2e4\ub978 \ub9e4\ub825\uc744 \uc120\uc0ac\ud569\ub2c8\ub2e4.<\/p>\n<\/li>\n<\/ul>\n","protected":false},"excerpt":{"rendered":"<p>C\u00e1p treo H\u00f2n Th\u01a1m gi\u00e1 v\u00e9<span style=\"font-weight: 400;\"> m\u1edbi nh\u1ea5t bao nhi\u00eau? Mua v\u00e9 c\u00e1p treo th\u1ebf n\u00e0o, c\u00f3 nh\u1eefng \u01b0u \u0111\u00e3i n\u00e0o \u0111i k\u00e8m? H\u00e3y t\u00ecm hi\u1ec3u c\u00f9ng Rooty Trip.<\/span><\/p>\n","protected":false},"featured_media":58880,"comment_status":"open","ping_status":"closed","template":"","meta":{"inline_featured_image":false},"product_brand":[],"product_cat":[1902],"product_tag":[1985,1986],"category-mona-rating":[],"category-mona-area":[],"category-mona-types-of-tourism":[],"category-mona-types-of-ticket":[],"category-mona-types-of-house":[],"category-mona-types-of-tour":[],"class_list":{"0":"post-58847","1":"product","2":"type-product","3":"status-publish","4":"has-post-thumbnail","6":"product_cat-ve-tham-quan-ko","7":"product_tag-ban-chay-ko","8":"product_tag-deal-hot-trong-ngay-ko","10":"first","11":"instock","12":"shipping-taxable","13":"purchasable","14":"product-type-simple"},"acf":[],"_links":{"self":[{"href":"https:\/\/rootytrip.com\/ko\/wp-json\/wp\/v2\/product\/58847","targetHints":{"allow":["GET"]}}],"collection":[{"href":"https:\/\/rootytrip.com\/ko\/wp-json\/wp\/v2\/product"}],"about":[{"href":"https:\/\/rootytrip.com\/ko\/wp-json\/wp\/v2\/types\/product"}],"replies":[{"embeddable":true,"href":"https:\/\/rootytrip.com\/ko\/wp-json\/wp\/v2\/comments?post=58847"}],"wp:featuredmedia":[{"embeddable":true,"href":"https:\/\/rootytrip.com\/ko\/wp-json\/wp\/v2\/media\/58880"}],"wp:attachment":[{"href":"https:\/\/rootytrip.com\/ko\/wp-json\/wp\/v2\/media?parent=58847"}],"wp:term":[{"taxonomy":"product_brand","embeddable":true,"href":"https:\/\/rootytrip.com\/ko\/wp-json\/wp\/v2\/product_brand?post=58847"},{"taxonomy":"product_cat","embeddable":true,"href":"https:\/\/rootytrip.com\/ko\/wp-json\/wp\/v2\/product_cat?post=58847"},{"taxonomy":"product_tag","embeddable":true,"href":"https:\/\/rootytrip.com\/ko\/wp-json\/wp\/v2\/product_tag?post=58847"},{"taxonomy":"category-mona-rating","embeddable":true,"href":"https:\/\/rootytrip.com\/ko\/wp-json\/wp\/v2\/category-mona-rating?post=58847"},{"taxonomy":"category-mona-area","embeddable":true,"href":"https:\/\/rootytrip.com\/ko\/wp-json\/wp\/v2\/category-mona-area?post=58847"},{"taxonomy":"category-mona-types-of-tourism","embeddable":true,"href":"https:\/\/rootytrip.com\/ko\/wp-json\/wp\/v2\/category-mona-types-of-tourism?post=58847"},{"taxonomy":"category-mona-types-of-ticket","embeddable":true,"href":"https:\/\/rootytrip.com\/ko\/wp-json\/wp\/v2\/category-mona-types-of-ticket?post=58847"},{"taxonomy":"category-mona-types-of-house","embeddable":true,"href":"https:\/\/rootytrip.com\/ko\/wp-json\/wp\/v2\/category-mona-types-of-house?post=58847"},{"taxonomy":"category-mona-types-of-tour","embeddable":true,"href":"https:\/\/rootytrip.com\/ko\/wp-json\/wp\/v2\/category-mona-types-of-tour?post=58847"}],"curies":[{"name":"wp","href":"https:\/\/api.w.org\/{rel}","templated":true}]}}