{"id":64401,"date":"2022-10-29T15:41:38","date_gmt":"2022-10-29T08:41:38","guid":{"rendered":"https:\/\/rootytrip.com\/?post_type=product&#038;p=64401"},"modified":"2026-05-04T09:05:57","modified_gmt":"2026-05-04T02:05:57","slug":"3-island-tour","status":"publish","type":"product","link":"https:\/\/rootytrip.com\/zh-hans\/product\/3-island-tour\/","title":{"rendered":"\u7acb\u5373\u9884\u8ba2\u5bcc\u56fd\u5c9b\u4e09\u5c9b\u4e00\u65e5\u6e38\uff5c\u6f5c\u6c34\u770b\u73ca\u745a\u00b7\u62cd\u7167\u7559\u5ff5\u00b7\u6d77\u5c9b\u7f8e\u98df"},"content":{"rendered":"<p data-start=\"140\" data-end=\"198\"><strong>\u5728\u5bcc\u56fd\u5c9b\u6700\u7f8e\u7684\u4e09\u5c9b\u5feb\u8247\u4e4b\u65c5\u4e2d\uff0c\u60a8\u5c06\u4ee5\u72ec\u7279\u7684\u65b9\u5f0f\u611f\u53d7\u5927\u81ea\u7136\u7684\u9b45\u529b\uff0c\u4f53\u9a8c\u7cbe\u5f69\u7eb7\u5448\u7684\u6d3b\u52a8:<\/strong><\/p>\n<ul data-start=\"200\" data-end=\"436\">\n<li data-start=\"200\" data-end=\"233\">\n<p data-start=\"202\" data-end=\"233\">\u4e58\u5750\u5b89\u5168\u3001\u73b0\u4ee3\u7684\u9ad8\u901f\u5feb\u8247\u63a2\u7d22\u5b89\u6cf0\u7fa4\u5c9b\uff0c\u7545\u6e38\u5bcc\u56fd\u5c9b\u5357\u90e8\u6d77\u57df\u3002<\/p>\n<\/li>\n<li data-start=\"234\" data-end=\"313\">\n<p data-start=\"236\" data-end=\"313\">\u6e38\u89c8\u5bcc\u56fd\u5c9b\u4e09\u5927\u6700\u7f8e\u79bb\u5c9b: \u5185\u6885\u4e91\u5c9b\uff08H\u00f2n M\u00e2y R\u00fat Trong), \u5916\u6885\u4e91\u5c9b\uff08H\u00f2n M\u00e2y R\u00fat Ngo\u00e0i), \u548c\u7518\u57fa\u5c9b\uff08H\u00f2n G\u1ea7m Gh\u00ec\uff09\uff0c\u611f\u53d7\u7eaf\u51c0\u7684\u6d77\u5c9b\u98ce\u5149\u3002<\/p>\n<\/li>\n<li data-start=\"314\" data-end=\"350\">\n<p data-start=\"316\" data-end=\"350\">\u6f5c\u6c34\u89c2\u8d4f\u5929\u7136\u73ca\u745a\u3001\u53c2\u89c2\u6d77\u5e95\u73ca\u745a\u516c\u56ed\uff0c\u4f53\u9a8c\u522b\u5177\u4e00\u683c\u7684\u201c\u6d77\u5e95\u6f2b\u6b65\u201d\u3002<\/p>\n<\/li>\n<li data-start=\"351\" data-end=\"401\">\n<p data-start=\"353\" data-end=\"401\">\u5728\u5c9b\u4e0a\u4eab\u7528\u65b0\u9c9c\u7f8e\u5473\u7684\u6d77\u9c9c\u5348\u9910\uff0c\u82e5\u5e78\u8fd0\uff0c\u8fd8\u53ef\u54c1\u5c1d\u5bcc\u56fd\u5c9b\u8457\u540d\u7684\u201c\u6405\u62cc\u7c73\u7c89\u201d\uff08B\u00fan Qu\u1eady\uff09\u3002<\/p>\n<\/li>\n<li data-start=\"402\" data-end=\"436\">\n<p data-start=\"404\" data-end=\"436\">\u4e0e\u4e13\u4e1a\u6444\u5f71\u56e2\u961f\u4e00\u8d77\u514d\u8d39\u62cd\u6444\uff0c\u8ba9\u60a8\u6536\u83b7\u6ee1\u6ee1\u7f8e\u4e3d\u56de\u5fc6\u4e0e\u7cbe\u7f8e\u7167\u7247\u3002<\/p>\n<\/li>\n<\/ul>\n<p data-start=\"438\" data-end=\"513\"><strong data-start=\"438\" data-end=\"447\">\u6ce8\u610f\u4e8b\u9879\uff1a<\/strong><br data-start=\"447\" data-end=\"450\" \/>\u4ef7\u683c\u4e0d\u9002\u7528\u4e8e\u8282\u5047\u65e5\u671f\u95f4\uff08\u5143\u65e6\u3001\u6625\u8282\u3001\u96c4\u738b\u796d\u7956\u8282\u30014\u670830\u65e5\u20135\u67081\u65e5\u30019\u67082\u65e5\u7b49\uff09\u3002\u8282\u5047\u65e5\u4ef7\u683c\u6839\u636e\u5404\u666f\u70b9\u89c4\u5b9a\u53ef\u80fd\u6709\u6240\u8c03\u6574\u3002<\/p>\n","protected":false},"excerpt":{"rendered":"<p>\u5728\u5bcc\u56fd\u5c9b\u6700\u7f8e\u7684\u4e09\u5c9b\u5feb\u8247\u4e4b\u65c5\u4e2d\uff0c\u60a8\u5c06\u4ee5\u72ec\u7279\u7684\u65b9\u5f0f\u611f\u53d7\u5927\u81ea\u7136\u7684\u9b45\u529b\uff0c\u4f53\u9a8c\u7cbe\u5f69\u7eb7\u5448\u7684\u6d3b\u52a8: \u4e58\u5750\u5b89\u5168\u3001\u73b0\u4ee3\u7684\u9ad8\u901f\u5feb\u8247 [&hellip;]<\/p>\n","protected":false},"featured_media":71688,"comment_status":"open","ping_status":"closed","template":"","meta":{"inline_featured_image":false},"product_brand":[],"product_cat":[2062],"product_tag":[],"category-mona-rating":[],"category-mona-area":[2070],"category-mona-types-of-tourism":[],"category-mona-types-of-ticket":[],"category-mona-types-of-house":[],"category-mona-types-of-tour":[2129],"class_list":{"0":"post-64401","1":"product","2":"type-product","3":"status-publish","4":"has-post-thumbnail","6":"product_cat-phu-quoc-daily-tour","7":"category-mona-area-south-island","8":"category-mona-types-of-tour-day-tour","10":"first","11":"instock","12":"sale","13":"shipping-taxable","14":"purchasable","15":"product-type-simple"},"acf":[],"_links":{"self":[{"href":"https:\/\/rootytrip.com\/zh-hans\/wp-json\/wp\/v2\/product\/64401","targetHints":{"allow":["GET"]}}],"collection":[{"href":"https:\/\/rootytrip.com\/zh-hans\/wp-json\/wp\/v2\/product"}],"about":[{"href":"https:\/\/rootytrip.com\/zh-hans\/wp-json\/wp\/v2\/types\/product"}],"replies":[{"embeddable":true,"href":"https:\/\/rootytrip.com\/zh-hans\/wp-json\/wp\/v2\/comments?post=64401"}],"wp:featuredmedia":[{"embeddable":true,"href":"https:\/\/rootytrip.com\/zh-hans\/wp-json\/wp\/v2\/media\/71688"}],"wp:attachment":[{"href":"https:\/\/rootytrip.com\/zh-hans\/wp-json\/wp\/v2\/media?parent=64401"}],"wp:term":[{"taxonomy":"product_brand","embeddable":true,"href":"https:\/\/rootytrip.com\/zh-hans\/wp-json\/wp\/v2\/product_brand?post=64401"},{"taxonomy":"product_cat","embeddable":true,"href":"https:\/\/rootytrip.com\/zh-hans\/wp-json\/wp\/v2\/product_cat?post=64401"},{"taxonomy":"product_tag","embeddable":true,"href":"https:\/\/rootytrip.com\/zh-hans\/wp-json\/wp\/v2\/product_tag?post=64401"},{"taxonomy":"category-mona-rating","embeddable":true,"href":"https:\/\/rootytrip.com\/zh-hans\/wp-json\/wp\/v2\/category-mona-rating?post=64401"},{"taxonomy":"category-mona-area","embeddable":true,"href":"https:\/\/rootytrip.com\/zh-hans\/wp-json\/wp\/v2\/category-mona-area?post=64401"},{"taxonomy":"category-mona-types-of-tourism","embeddable":true,"href":"https:\/\/rootytrip.com\/zh-hans\/wp-json\/wp\/v2\/category-mona-types-of-tourism?post=64401"},{"taxonomy":"category-mona-types-of-ticket","embeddable":true,"href":"https:\/\/rootytrip.com\/zh-hans\/wp-json\/wp\/v2\/category-mona-types-of-ticket?post=64401"},{"taxonomy":"category-mona-types-of-house","embeddable":true,"href":"https:\/\/rootytrip.com\/zh-hans\/wp-json\/wp\/v2\/category-mona-types-of-house?post=64401"},{"taxonomy":"category-mona-types-of-tour","embeddable":true,"href":"https:\/\/rootytrip.com\/zh-hans\/wp-json\/wp\/v2\/category-mona-types-of-tour?post=64401"}],"curies":[{"name":"wp","href":"https:\/\/api.w.org\/{rel}","templated":true}]}}